{"id":460,"date":"2023-07-03T12:10:50","date_gmt":"2023-07-03T10:10:50","guid":{"rendered":"https:\/\/fomentmolins.cat\/wordpress\/?page_id=460"},"modified":"2026-03-23T20:43:04","modified_gmt":"2026-03-23T19:43:04","slug":"secciones","status":"publish","type":"page","link":"https:\/\/fomentmolins.cat\/es\/secciones\/","title":{"rendered":"Secciones"},"content":{"rendered":"<div class=\"wpb-content-wrapper\">[vc_row full_width=\u00bbstretch_row\u00bb curly_bg_repeat=\u00bbbg-no-repeat\u00bb curly_bg_position=\u00bbbg-pos-center-bottom\u00bb curly_bg_parallax=\u00bbtrue\u00bb css=\u00bb.vc_custom_1688381756744{padding-top: 40px !important;background-image: url(https:\/\/fomentmolins.cat\/wp-content\/uploads\/2017\/06\/lightinthetheater.jpeg-copy.jpg?id=93) !important;background-position: center !important;background-repeat: no-repeat !important;background-size: cover !important;}\u00bb][vc_column][vc_empty_space height=\u00bb80px\u00bb]<div class='xtd-carousel-mini__container   vc_custom_1497347944598'><div class='xtd-carousel-mini'><div class='owl-carousel' data-autoplay='false' data-timeout='0' data-hover='true' data-loop='false' data-dots='true'><\/div><\/div><\/div>[\/vc_column][\/vc_row][vc_row full_width=\u00bbstretch_row\u00bb curly_bg_repeat=\u00bbbg-no-repeat\u00bb curly_bg_position=\u00bbbg-pos-center-bottom\u00bb curly_bg_parallax=\u00bbtrue\u00bb css=\u00bb.vc_custom_1688381756744{padding-top: 40px !important;background-image: url(https:\/\/fomentmolins.cat\/wp-content\/uploads\/2017\/06\/lightinthetheater.jpeg-copy.jpg?id=93) !important;background-position: center !important;background-repeat: no-repeat !important;background-size: cover !important;}\u00bb el_id=\u00bbbillar\u00bb][vc_column width=\u00bb1\/2&#8243;]<div class='xtd-carousel-mini__container   vc_custom_1497347944598'><div class='xtd-carousel-mini'><div class='owl-carousel' data-autoplay='false' data-timeout='0' data-hover='true' data-loop='false' data-dots='true'>[vc_single_image image=\u00bb3674&#8243; img_size=\u00bbfull\u00bb style=\u00bbxtd-shadow&#8211;normal-hard\u00bb onclick=\u00bblink_image\u00bb css=\u00bb.vc_custom_1774294966012{margin-right: 4rem !important;}\u00bb el_class=\u00bbxtd-offset-frame\u00bb][vc_single_image image=\u00bb3676&#8243; img_size=\u00bbfull\u00bb style=\u00bbxtd-shadow&#8211;normal-hard\u00bb onclick=\u00bblink_image\u00bb css=\u00bb.vc_custom_1774294973255{margin-right: 4rem !important;}\u00bb el_class=\u00bbxtd-offset-frame\u00bb][vc_single_image image=\u00bb3678&#8243; img_size=\u00bbfull\u00bb style=\u00bbxtd-shadow&#8211;normal-hard\u00bb onclick=\u00bblink_image\u00bb css=\u00bb.vc_custom_1774294980595{margin-right: 4rem !important;}\u00bb el_class=\u00bbxtd-offset-frame\u00bb]<\/div><\/div><\/div>[\/vc_column][vc_column width=\u00bb5\/12&#8243; offset=\u00bbvc_col-sm-offset-1&#8243;][vc_column_text]\n<h1 class=\"display-1 special-title\"><small>Foment Molins<\/small>Billar<\/h1>\n<p class=\"lead lead-lg\">TODA UNA REFERENCIA EN CATALU\u00d1A Y EN ESPA\u00d1A<\/p>\n<p>La secci\u00f3n de Billar del Foment en estos momentos es una referencia en toda Catalu\u00f1a y en Espa\u00f1a por el potencial de sus jugadores. Cuenta con un gran palmar\u00e9s deportivo con distintos trofeos en diferentes categor\u00edas e incluso grandes t\u00edtulos conseguidos individualmente por algunos jugadores.<\/p>\n<p>Eventualmente esta secci\u00f3n hace de anfitriona a campeonatos de inter\u00e9s incluso nacional, de distintas modalidades y categor\u00edas.<\/p>\n[\/vc_column_text][\/vc_column][vc_column][\/vc_column][\/vc_row][vc_row full_width=\u00bbstretch_row\u00bb curly_bg_repeat=\u00bbbg-no-repeat\u00bb curly_bg_position=\u00bbbg-pos-center-bottom\u00bb curly_bg_parallax=\u00bbtrue\u00bb css=\u00bb.vc_custom_1688381985515{padding-top: 40px !important;background-image: url(https:\/\/fomentmolins.cat\/wp-content\/uploads\/2017\/06\/lightinthetheater.jpeg-copy.jpg?id=93) !important;background-position: center !important;background-repeat: no-repeat !important;background-size: cover !important;}\u00bb el_id=\u00bbajedrez\u00bb][vc_column width=\u00bb5\/12&#8243;][vc_column_text]\n<h1 class=\"display-1 special-title\"><small>Foment Molins<\/small>Ajedrez<\/h1>\n<p class=\"lead lead-lg\">ESCUELA DE AJEDREZ FUNDADA EN 1980 POR JOSEP CUIXART<\/p>\n<p>El Foment cuenta con una secci\u00f3n de Ajedrez por la que han pasado jugadores y jugadoras de gran nivel. Uno de los objetivos de la secci\u00f3n es la formaci\u00f3n de j\u00f3venes jugadores y es por este motivo que hace unos a\u00f1os se cre\u00f3 la Escuela de Ajedrez, dirigida por Joan Ar\u00fas.<\/p>\n[\/vc_column_text][\/vc_column][vc_column width=\u00bb1\/2&#8243; offset=\u00bbvc_col-sm-offset-1&#8243;]<div class='xtd-carousel-mini__container   vc_custom_1497347944598'><div class='xtd-carousel-mini'><div class='owl-carousel' data-autoplay='false' data-timeout='0' data-hover='true' data-loop='false' data-dots='true'>[vc_single_image image=\u00bb549&#8243; img_size=\u00bbfull\u00bb style=\u00bbxtd-shadow&#8211;normal-hard\u00bb onclick=\u00bblink_image\u00bb css=\u00bb.vc_custom_1688645880533{margin-right: 4rem !important;}\u00bb el_class=\u00bbxtd-offset-frame\u00bb][vc_single_image image=\u00bb550&#8243; img_size=\u00bbfull\u00bb style=\u00bbxtd-shadow&#8211;normal-hard\u00bb onclick=\u00bblink_image\u00bb css=\u00bb.vc_custom_1688645893912{margin-right: 4rem !important;}\u00bb el_class=\u00bbxtd-offset-frame\u00bb][vc_single_image image=\u00bb551&#8243; img_size=\u00bbfull\u00bb style=\u00bbxtd-shadow&#8211;normal-hard\u00bb onclick=\u00bblink_image\u00bb css=\u00bb.vc_custom_1688645904205{margin-right: 4rem !important;}\u00bb el_class=\u00bbxtd-offset-frame\u00bb]<\/div><\/div><\/div>[\/vc_column][vc_column][vc_column_text]<strong>Un poco de historia\u2026\u00a0<\/strong>La pr\u00e1ctica del ajedrez en el Foment viene de lejos. Han pasado cientos de personas pero es justo destacar dos; el se\u00f1or Domingo Sala i Juli\u00e0, de Cal Ras, que fue campe\u00f3n de Catalu\u00f1a en 1909, y el se\u00f1or Francisco Camps y C\u00e1lix, que fue jugador de la entidad durante muchos a\u00f1os.<\/p>\n<p><strong>La competici\u00f3n<\/strong>. La secci\u00f3n de ajedrez impulsada por los se\u00f1ores Domingo Sala, Camps, Cuixart, Vilalta y Rodon fue inscrita en la Federaci\u00f3n catalana de ajedrez donde participaron en diferentes campeonatos y se lograron grandes \u00e9xitos, entre ellos, el Campeonato de Catalu\u00f1a de 3\u00aa y 2\u00aa categor\u00eda, los a\u00f1os 1986 y 1987 respectivamente.<\/p>\n<p>En 1976 y 1977 se organizaron los Campeonatos Open en la misma cafeter\u00eda del Foment. En la actualidad el equipo de ajedrez nos mantiene en la 2\u00aa categor\u00eda catalana.<\/p>\n<p><strong>La escuela.<\/strong>\u00a0El ajedrez no es s\u00f3lo un juego para divertirse sino que tambi\u00e9n formativo. Su pr\u00e1ctica desarrolla el intelecto, la toma de decisiones, fijar objetivos y saber rectificar.[\/vc_column_text][\/vc_column][\/vc_row][vc_row full_width=\u00bbstretch_row\u00bb curly_bg_repeat=\u00bbbg-no-repeat\u00bb curly_bg_position=\u00bbbg-pos-center-bottom\u00bb curly_bg_parallax=\u00bbtrue\u00bb css=\u00bb.vc_custom_1688381780497{padding-top: 40px !important;background-image: url(https:\/\/fomentmolins.cat\/wp-content\/uploads\/2017\/06\/lightinthetheater.jpeg-copy.jpg?id=93) !important;background-position: center !important;background-repeat: no-repeat !important;background-size: cover !important;}\u00bb el_id=\u00bbfilagarsa\u00bb][vc_column width=\u00bb1\/2&#8243;]<div class='xtd-carousel-mini__container   vc_custom_1497347944598'><div class='xtd-carousel-mini'><div class='owl-carousel' data-autoplay='false' data-timeout='0' data-hover='true' data-loop='false' data-dots='true'>[vc_single_image image=\u00bb557&#8243; img_size=\u00bbfull\u00bb style=\u00bbxtd-shadow&#8211;normal-hard\u00bb onclick=\u00bblink_image\u00bb css=\u00bb.vc_custom_1688646335417{margin-right: 4rem !important;}\u00bb el_class=\u00bbxtd-offset-frame\u00bb][vc_single_image image=\u00bb558&#8243; img_size=\u00bbfull\u00bb style=\u00bbxtd-shadow&#8211;normal-hard\u00bb onclick=\u00bblink_image\u00bb css=\u00bb.vc_custom_1688646359361{margin-right: 4rem !important;}\u00bb el_class=\u00bbxtd-offset-frame\u00bb][vc_single_image image=\u00bb559&#8243; img_size=\u00bbfull\u00bb style=\u00bbxtd-shadow&#8211;normal-hard\u00bb onclick=\u00bblink_image\u00bb css=\u00bb.vc_custom_1688646384591{margin-right: 4rem !important;}\u00bb el_class=\u00bbxtd-offset-frame\u00bb][vc_single_image image=\u00bb560&#8243; img_size=\u00bbfull\u00bb style=\u00bbxtd-shadow&#8211;normal-hard\u00bb onclick=\u00bblink_image\u00bb css=\u00bb.vc_custom_1688646419736{margin-right: 4rem !important;}\u00bb el_class=\u00bbxtd-offset-frame\u00bb]<\/div><\/div><\/div>[\/vc_column][vc_column width=\u00bb5\/12&#8243; offset=\u00bbvc_col-sm-offset-1&#8243;][vc_column_text]\n<h1 class=\"display-1 special-title\"><small>Foment Molins<\/small>Filagarsa<\/h1>\n<p class=\"lead lead-lg\">30 A\u00d1OS DE HISTORIA Y M\u00c1S DE 200 PERSONAS HAN FORMADO PARTE DEL GRUPO<\/p>\n[\/vc_column_text][\/vc_column][vc_column][vc_column_text]Filagarsa nac\u00eda el a\u00f1o 1988 como una iniciativa pedag\u00f3gica dentro del Centro de formaci\u00f3n Profesional Sagrat Cor de Sant Vicen\u00e7 dels Horts. La magia del teatro y la pasi\u00f3n de un grupo de alumnos hizo que se unieran, una vez finalizados sus estudios, para formar un grupo de teatro.<\/p>\n<p>Procedentes de diversas localidades catalanas y con el objetivo de gozar del teatro iniciaron un largo camino que hoy en d\u00eda sigue vivo. Por el camino\u00a0<strong>han representado comedias, dramas, cabarets, mon\u00f3logos, cuentos, f\u00e1bulas\u2026 y musicales<\/strong>. Este \u00faltimo g\u00e9nero es el que m\u00e1s \u00e9xitos, por decirlo de forma m\u00e1s comprensible, ha proporcionado al grupo y el que les ha permitido actuar en muchas poblaciones catalanas.<\/p>\n<p><strong>En 1996 el grupo de teatro Filagarsa se convert\u00eda en el grupo residente del Foment Cultural y Art\u00edstico de Molins de Rei<\/strong>. Es en el Foment donde se han volcado de lleno en la realizaci\u00f3n de montajes musicales. Todos ellos con gran aceptaci\u00f3n por parte del p\u00fablico local como en toda Catalu\u00f1a.<\/p>\n<p>Bienvenidos a Broadway, Frankenstein, The West End Club, Circus Mundi, Broadwest Films, El \u00c1ngel de la M\u00fasica, Sweeney Todd, B\u00e9same, Kate, Vidas, Navidad en Halloween, M\u00e9nage \u00e0 Trois, Kbarret, Jaque Doble, Selfie y El Gran Sue\u00f1o son un claro ejemplo del trabajo y la impronta que Filagarsa intenta dejar en cada uno de sus espect\u00e1culos.[\/vc_column_text][\/vc_column][\/vc_row]\n<\/div>","protected":false},"excerpt":{"rendered":"<p>[vc_row full_width=\u00bbstretch_row\u00bb curly_bg_repeat=\u00bbbg-no-repeat\u00bb curly_bg_position=\u00bbbg-pos-center-bottom\u00bb curly_bg_parallax=\u00bbtrue\u00bb css=\u00bb.vc_custom_1688381756744{padding-top: 40px !important;background-image: url(https:\/\/fomentmolins.cat\/wp-content\/uploads\/2017\/06\/lightinthetheater.jpeg-copy.jpg?id=93) !important;background-position: center !important;background-repeat: no-repeat !important;background-size: cover !important;}\u00bb][vc_column][vc_empty_space height=\u00bb80px\u00bb][\/vc_column][\/vc_row][vc_row full_width=\u00bbstretch_row\u00bb curly_bg_repeat=\u00bbbg-no-repeat\u00bb curly_bg_position=\u00bbbg-pos-center-bottom\u00bb curly_bg_parallax=\u00bbtrue\u00bb css=\u00bb.vc_custom_1688381756744{padding-top: 40px !important;background-image: url(https:\/\/fomentmolins.cat\/wp-content\/uploads\/2017\/06\/lightinthetheater.jpeg-copy.jpg?id=93) !important;background-position: center !important;background-repeat: no-repeat !important;background-size: cover !important;}\u00bb el_id=\u00bbbillar\u00bb][vc_column width=\u00bb1\/2&#8243;][\/vc_column][vc_column width=\u00bb5\/12&#8243; offset=\u00bbvc_col-sm-offset-1&#8243;][vc_column_text] Foment MolinsBillar TODA UNA REFERENCIA EN CATALU\u00d1A Y EN ESPA\u00d1A La secci\u00f3n de Billar del Foment en estos momentos es una referencia en toda [&hellip;]<\/p>\n","protected":false},"author":1,"featured_media":0,"parent":0,"menu_order":0,"comment_status":"closed","ping_status":"closed","template":"","meta":{"inline_featured_image":false,"footnotes":""},"class_list":["post-460","page","type-page","status-publish","hentry"],"yoast_head":"<!-- This site is optimized with the Yoast SEO plugin v27.2 - https:\/\/yoast.com\/product\/yoast-seo-wordpress\/ -->\n<title>Secciones - Foment Molins Cultural<\/title>\n<meta name=\"robots\" content=\"index, follow, max-snippet:-1, max-image-preview:large, max-video-preview:-1\" \/>\n<link rel=\"canonical\" href=\"https:\/\/fomentmolins.cat\/es\/secciones\/\" \/>\n<meta property=\"og:locale\" content=\"es_ES\" \/>\n<meta property=\"og:type\" content=\"article\" \/>\n<meta property=\"og:title\" content=\"Secciones - Foment Molins Cultural\" \/>\n<meta property=\"og:description\" content=\"[vc_row full_width=\u00bbstretch_row\u00bb curly_bg_repeat=\u00bbbg-no-repeat\u00bb curly_bg_position=\u00bbbg-pos-center-bottom\u00bb curly_bg_parallax=\u00bbtrue\u00bb css=\u00bb.vc_custom_1688381756744{padding-top: 40px !important;background-image: url(https:\/\/fomentmolins.cat\/wp-content\/uploads\/2017\/06\/lightinthetheater.jpeg-copy.jpg?id=93) !important;background-position: center !important;background-repeat: no-repeat !important;background-size: cover !important;}\u00bb][vc_column][vc_empty_space height=\u00bb80px\u00bb][\/vc_column][\/vc_row][vc_row full_width=\u00bbstretch_row\u00bb curly_bg_repeat=\u00bbbg-no-repeat\u00bb curly_bg_position=\u00bbbg-pos-center-bottom\u00bb curly_bg_parallax=\u00bbtrue\u00bb css=\u00bb.vc_custom_1688381756744{padding-top: 40px !important;background-image: url(https:\/\/fomentmolins.cat\/wp-content\/uploads\/2017\/06\/lightinthetheater.jpeg-copy.jpg?id=93) !important;background-position: center !important;background-repeat: no-repeat !important;background-size: cover !important;}\u00bb el_id=\u00bbbillar\u00bb][vc_column width=\u00bb1\/2&#8243;][\/vc_column][vc_column width=\u00bb5\/12&#8243; offset=\u00bbvc_col-sm-offset-1&#8243;][vc_column_text] Foment MolinsBillar TODA UNA REFERENCIA EN CATALU\u00d1A Y EN ESPA\u00d1A La secci\u00f3n de Billar del Foment en estos momentos es una referencia en toda [&hellip;]\" \/>\n<meta property=\"og:url\" content=\"https:\/\/fomentmolins.cat\/es\/secciones\/\" \/>\n<meta property=\"og:site_name\" content=\"Foment Molins Cultural\" \/>\n<meta property=\"article:modified_time\" content=\"2026-03-23T19:43:04+00:00\" \/>\n<meta name=\"twitter:card\" content=\"summary_large_image\" \/>\n<meta name=\"twitter:label1\" content=\"Tiempo de lectura\" \/>\n\t<meta name=\"twitter:data1\" content=\"6 minutos\" \/>\n<script type=\"application\/ld+json\" class=\"yoast-schema-graph\">{\"@context\":\"https:\/\/schema.org\",\"@graph\":[{\"@type\":\"WebPage\",\"@id\":\"https:\/\/fomentmolins.cat\/es\/secciones\/\",\"url\":\"https:\/\/fomentmolins.cat\/es\/secciones\/\",\"name\":\"Secciones - Foment Molins Cultural\",\"isPartOf\":{\"@id\":\"https:\/\/fomentmolins.cat\/es\/#website\"},\"datePublished\":\"2023-07-03T10:10:50+00:00\",\"dateModified\":\"2026-03-23T19:43:04+00:00\",\"breadcrumb\":{\"@id\":\"https:\/\/fomentmolins.cat\/es\/secciones\/#breadcrumb\"},\"inLanguage\":\"es\",\"potentialAction\":[{\"@type\":\"ReadAction\",\"target\":[\"https:\/\/fomentmolins.cat\/es\/secciones\/\"]}]},{\"@type\":\"BreadcrumbList\",\"@id\":\"https:\/\/fomentmolins.cat\/es\/secciones\/#breadcrumb\",\"itemListElement\":[{\"@type\":\"ListItem\",\"position\":1,\"name\":\"Portada\",\"item\":\"https:\/\/fomentmolins.cat\/es\/\"},{\"@type\":\"ListItem\",\"position\":2,\"name\":\"Secciones\"}]},{\"@type\":\"WebSite\",\"@id\":\"https:\/\/fomentmolins.cat\/es\/#website\",\"url\":\"https:\/\/fomentmolins.cat\/es\/\",\"name\":\"Foment Molins Cultural\",\"description\":\"\",\"potentialAction\":[{\"@type\":\"SearchAction\",\"target\":{\"@type\":\"EntryPoint\",\"urlTemplate\":\"https:\/\/fomentmolins.cat\/es\/?s={search_term_string}\"},\"query-input\":{\"@type\":\"PropertyValueSpecification\",\"valueRequired\":true,\"valueName\":\"search_term_string\"}}],\"inLanguage\":\"es\"}]}<\/script>\n<!-- \/ Yoast SEO plugin. -->","yoast_head_json":{"title":"Secciones - Foment Molins Cultural","robots":{"index":"index","follow":"follow","max-snippet":"max-snippet:-1","max-image-preview":"max-image-preview:large","max-video-preview":"max-video-preview:-1"},"canonical":"https:\/\/fomentmolins.cat\/es\/secciones\/","og_locale":"es_ES","og_type":"article","og_title":"Secciones - Foment Molins Cultural","og_description":"[vc_row full_width=\u00bbstretch_row\u00bb curly_bg_repeat=\u00bbbg-no-repeat\u00bb curly_bg_position=\u00bbbg-pos-center-bottom\u00bb curly_bg_parallax=\u00bbtrue\u00bb css=\u00bb.vc_custom_1688381756744{padding-top: 40px !important;background-image: url(https:\/\/fomentmolins.cat\/wp-content\/uploads\/2017\/06\/lightinthetheater.jpeg-copy.jpg?id=93) !important;background-position: center !important;background-repeat: no-repeat !important;background-size: cover !important;}\u00bb][vc_column][vc_empty_space height=\u00bb80px\u00bb][\/vc_column][\/vc_row][vc_row full_width=\u00bbstretch_row\u00bb curly_bg_repeat=\u00bbbg-no-repeat\u00bb curly_bg_position=\u00bbbg-pos-center-bottom\u00bb curly_bg_parallax=\u00bbtrue\u00bb css=\u00bb.vc_custom_1688381756744{padding-top: 40px !important;background-image: url(https:\/\/fomentmolins.cat\/wp-content\/uploads\/2017\/06\/lightinthetheater.jpeg-copy.jpg?id=93) !important;background-position: center !important;background-repeat: no-repeat !important;background-size: cover !important;}\u00bb el_id=\u00bbbillar\u00bb][vc_column width=\u00bb1\/2&#8243;][\/vc_column][vc_column width=\u00bb5\/12&#8243; offset=\u00bbvc_col-sm-offset-1&#8243;][vc_column_text] Foment MolinsBillar TODA UNA REFERENCIA EN CATALU\u00d1A Y EN ESPA\u00d1A La secci\u00f3n de Billar del Foment en estos momentos es una referencia en toda [&hellip;]","og_url":"https:\/\/fomentmolins.cat\/es\/secciones\/","og_site_name":"Foment Molins Cultural","article_modified_time":"2026-03-23T19:43:04+00:00","twitter_card":"summary_large_image","twitter_misc":{"Tiempo de lectura":"6 minutos"},"schema":{"@context":"https:\/\/schema.org","@graph":[{"@type":"WebPage","@id":"https:\/\/fomentmolins.cat\/es\/secciones\/","url":"https:\/\/fomentmolins.cat\/es\/secciones\/","name":"Secciones - Foment Molins Cultural","isPartOf":{"@id":"https:\/\/fomentmolins.cat\/es\/#website"},"datePublished":"2023-07-03T10:10:50+00:00","dateModified":"2026-03-23T19:43:04+00:00","breadcrumb":{"@id":"https:\/\/fomentmolins.cat\/es\/secciones\/#breadcrumb"},"inLanguage":"es","potentialAction":[{"@type":"ReadAction","target":["https:\/\/fomentmolins.cat\/es\/secciones\/"]}]},{"@type":"BreadcrumbList","@id":"https:\/\/fomentmolins.cat\/es\/secciones\/#breadcrumb","itemListElement":[{"@type":"ListItem","position":1,"name":"Portada","item":"https:\/\/fomentmolins.cat\/es\/"},{"@type":"ListItem","position":2,"name":"Secciones"}]},{"@type":"WebSite","@id":"https:\/\/fomentmolins.cat\/es\/#website","url":"https:\/\/fomentmolins.cat\/es\/","name":"Foment Molins Cultural","description":"","potentialAction":[{"@type":"SearchAction","target":{"@type":"EntryPoint","urlTemplate":"https:\/\/fomentmolins.cat\/es\/?s={search_term_string}"},"query-input":{"@type":"PropertyValueSpecification","valueRequired":true,"valueName":"search_term_string"}}],"inLanguage":"es"}]}},"_links":{"self":[{"href":"https:\/\/fomentmolins.cat\/es\/wp-json\/wp\/v2\/pages\/460","targetHints":{"allow":["GET"]}}],"collection":[{"href":"https:\/\/fomentmolins.cat\/es\/wp-json\/wp\/v2\/pages"}],"about":[{"href":"https:\/\/fomentmolins.cat\/es\/wp-json\/wp\/v2\/types\/page"}],"author":[{"embeddable":true,"href":"https:\/\/fomentmolins.cat\/es\/wp-json\/wp\/v2\/users\/1"}],"replies":[{"embeddable":true,"href":"https:\/\/fomentmolins.cat\/es\/wp-json\/wp\/v2\/comments?post=460"}],"version-history":[{"count":28,"href":"https:\/\/fomentmolins.cat\/es\/wp-json\/wp\/v2\/pages\/460\/revisions"}],"predecessor-version":[{"id":3681,"href":"https:\/\/fomentmolins.cat\/es\/wp-json\/wp\/v2\/pages\/460\/revisions\/3681"}],"wp:attachment":[{"href":"https:\/\/fomentmolins.cat\/es\/wp-json\/wp\/v2\/media?parent=460"}],"curies":[{"name":"wp","href":"https:\/\/api.w.org\/{rel}","templated":true}]}}