{"id":659,"date":"2023-07-09T14:41:32","date_gmt":"2023-07-09T12:41:32","guid":{"rendered":"https:\/\/fomentmolins.cat\/wordpress\/?page_id=659"},"modified":"2023-07-21T20:53:05","modified_gmt":"2023-07-21T18:53:05","slug":"hazte-socio","status":"publish","type":"page","link":"https:\/\/fomentmolins.cat\/es\/hazte-socio\/","title":{"rendered":"Hazte socio"},"content":{"rendered":"<div class=\"wpb-content-wrapper\">[vc_row][vc_column][vc_empty_space height=\u00bb140px\u00bb][vc_column_text]\n<h1 style=\"text-align: center;\">Hazte socio<\/h1>\n[\/vc_column_text][\/vc_column][\/vc_row][vc_row][vc_column css=\u00bb.vc_custom_1688916968921{margin-top: -60px !important;}\u00bb][vc_row_inner][vc_column_inner css=\u00bb.vc_custom_1689458720673{padding-right: 20px !important;padding-left: -20px !important;}\u00bb][vc_column_text]\n<p style=\"text-align: left;\">El objetivo de ser de una entidad son sus socios y sus socias. Es necesaria y vital, por el futuro de la entidad, contar con la participaci\u00f3n activa de sus simpatizantes. Involucrarse en su d\u00eda a d\u00eda y participar en las actividades son algunos de los aspectos que esperamos de los socios adem\u00e1s de disfrutar de los descuentos en los precios de las entradas de las diferentes actividades culturales programadas.<\/p>\n<p><strong>\u00bfC\u00f3mo hacerse socio?<\/strong> Muy sencillo, puede hacernos llegar un correo electr\u00f3nico adjuntado el pdf descargable interactivo a <a href=\"mailto:administracio@fomentmolins.cat\">administracio@fomentmolins.cat<\/a> o bien rellenar el formulario de contacto de abajo.<\/p>\n<p><a href=\"https:\/\/fomentmolins.cat\/wp-content\/uploads\/2023\/07\/Alta-soci-simplificada-v1-1.pdf\" download=\"\"> <button style=\"background-color: #c9ac8c; color: #000000; border: none; padding: 10px 20px; cursor: pointer;\"> Formulari en pdf <\/button> <\/a><\/p>\n<p>&nbsp;<\/p>\n<h2 class=\"wp-block-heading\">Cuotas socios Foment<\/h2>\n<p>&nbsp;<\/p>\n<ul>\n<li><strong>Pack jubilados y jubiladas<\/strong> (Para mayores de 65 a\u00f1os o jubilados)\n<ul>\n<li>46\u20ac anuales<\/li>\n<li>Pago \u00fanico en septiembre<\/li>\n<li>2 carnets personalizados<\/li>\n<li>25% de descuento en todos los espect\u00e1culos organizados por Foment<\/li>\n<\/ul>\n<\/li>\n<li><strong>Pack Senior<\/strong> (Personas entre 18 y 64 a\u00f1os)\n<ul>\n<li>56\u20ac anuales<\/li>\n<li>Pago \u00fanico en septiembre<\/li>\n<li>2 carnets personalizados<\/li>\n<li>25% de descuento en todos los espect\u00e1culos organizados por Foment<\/li>\n<\/ul>\n<\/li>\n<li><strong>Pack familiar<\/strong> (2 adultos m\u00e1s 2 hijos menores de 18 a\u00f1os)\n<ul>\n<li>80\u20ac anuales<\/li>\n<li>Pago \u00fanico en septiembre<\/li>\n<li>4 carnets personalizados<\/li>\n<li>25% de descuento en todos los espect\u00e1culos organizados por Foment<\/li>\n<\/ul>\n<\/li>\n<li><strong>Precios individuales<\/strong> (Pago \u00fanico en septiembre)\n<ul>\n<li>24\u20ac anuales de 3 a 17 a\u00f1os<\/li>\n<li>48\u20ac anuales de 18 a 64 a\u00f1os<\/li>\n<li>36\u20ac mayores de 65 a\u00f1os<\/li>\n<li>25% de descuento en todos los espect\u00e1culos organizados por Foment<\/li>\n<\/ul>\n<\/li>\n<\/ul>\n[\/vc_column_text][\/vc_column_inner][\/vc_row_inner][\/vc_column][\/vc_row][vc_row][vc_column width=\u00bb1\/6&#8243;][\/vc_column][vc_column width=\u00bb2\/3&#8243;][vc_column_text]\n<h3 style=\"text-align: center;\">FORMULARIO DE CONTACTO<\/h3>\n[\/vc_column_text]\n<div class=\"wpcf7 no-js\" id=\"wpcf7-f1383-o1\" lang=\"es-ES\" dir=\"ltr\" data-wpcf7-id=\"1383\">\n<div class=\"screen-reader-response\"><p role=\"status\" aria-live=\"polite\" aria-atomic=\"true\"><\/p> <ul><\/ul><\/div>\n<form action=\"\/es\/wp-json\/wp\/v2\/pages\/659#wpcf7-f1383-o1\" method=\"post\" class=\"wpcf7-form init\" aria-label=\"Formulario de contacto\" novalidate=\"novalidate\" data-status=\"init\">\n<fieldset class=\"hidden-fields-container\"><input type=\"hidden\" name=\"_wpcf7\" value=\"1383\" \/><input type=\"hidden\" name=\"_wpcf7_version\" value=\"6.1.5\" \/><input type=\"hidden\" name=\"_wpcf7_locale\" value=\"es_ES\" \/><input type=\"hidden\" name=\"_wpcf7_unit_tag\" value=\"wpcf7-f1383-o1\" \/><input type=\"hidden\" name=\"_wpcf7_container_post\" value=\"0\" \/><input type=\"hidden\" name=\"_wpcf7_posted_data_hash\" value=\"\" \/>\n<\/fieldset>\n<p><label> Nombre (obligatorio)<br \/>\n<span class=\"wpcf7-form-control-wrap\" data-name=\"your-name\"><input size=\"40\" maxlength=\"400\" class=\"wpcf7-form-control wpcf7-text wpcf7-validates-as-required\" aria-required=\"true\" aria-invalid=\"false\" value=\"\" type=\"text\" name=\"your-name\" \/><\/span> <\/label>\n<\/p>\n<p><label> Apellidos (obligatorio)<br \/>\n<span class=\"wpcf7-form-control-wrap\" data-name=\"your-surname\"><input size=\"40\" maxlength=\"400\" class=\"wpcf7-form-control wpcf7-text wpcf7-validates-as-required\" aria-required=\"true\" aria-invalid=\"false\" value=\"\" type=\"text\" name=\"your-surname\" \/><\/span> <\/label>\n<\/p>\n<p><label> DNI (obligatorio)<br \/>\n<span class=\"wpcf7-form-control-wrap\" data-name=\"your-dni\"><input size=\"40\" maxlength=\"400\" class=\"wpcf7-form-control wpcf7-text wpcf7-validates-as-required\" aria-required=\"true\" aria-invalid=\"false\" value=\"\" type=\"text\" name=\"your-dni\" \/><\/span> <\/label>\n<\/p>\n<p><label> Fecha nacimiento (obligatorio)<br \/>\n<span class=\"wpcf7-form-control-wrap\" data-name=\"your-birthdate\"><input class=\"wpcf7-form-control wpcf7-date wpcf7-validates-as-required wpcf7-validates-as-date\" aria-required=\"true\" aria-invalid=\"false\" value=\"\" type=\"date\" name=\"your-birthdate\" \/><\/span> <\/label>\n<\/p>\n<p><label> Direcci\u00f3n (obligatorio)<br \/>\n<span class=\"wpcf7-form-control-wrap\" data-name=\"your-address\"><input size=\"40\" maxlength=\"400\" class=\"wpcf7-form-control wpcf7-text wpcf7-validates-as-required\" aria-required=\"true\" aria-invalid=\"false\" value=\"\" type=\"text\" name=\"your-address\" \/><\/span> <\/label>\n<\/p>\n<p><label> C\u00f3digo postal (obligatorio)<br \/>\n<span class=\"wpcf7-form-control-wrap\" data-name=\"your-postal\"><input class=\"wpcf7-form-control wpcf7-number wpcf7-validates-as-required wpcf7-validates-as-number\" aria-required=\"true\" aria-invalid=\"false\" value=\"\" type=\"number\" name=\"your-postal\" \/><\/span> <\/label>\n<\/p>\n<p><label> Poblaci\u00f3n (obligatorio)<br \/>\n<span class=\"wpcf7-form-control-wrap\" data-name=\"your-city\"><input size=\"40\" maxlength=\"400\" class=\"wpcf7-form-control wpcf7-text wpcf7-validates-as-required\" aria-required=\"true\" aria-invalid=\"false\" value=\"\" type=\"text\" name=\"your-city\" \/><\/span> <\/label>\n<\/p>\n<p><label> Tel\u00e9fono de contacto (obligatorio)<br \/>\n<span class=\"wpcf7-form-control-wrap\" data-name=\"your-phone\"><input size=\"40\" maxlength=\"400\" class=\"wpcf7-form-control wpcf7-tel wpcf7-validates-as-required wpcf7-text wpcf7-validates-as-tel\" aria-required=\"true\" aria-invalid=\"false\" value=\"\" type=\"tel\" name=\"your-phone\" \/><\/span> <\/label>\n<\/p>\n<p><label> Datos bancarios (IBAN) (obligatorio)<br \/>\n<span class=\"wpcf7-form-control-wrap\" data-name=\"your-iban\"><input size=\"40\" maxlength=\"400\" class=\"wpcf7-form-control wpcf7-text wpcf7-validates-as-required\" aria-required=\"true\" aria-invalid=\"false\" value=\"\" type=\"text\" name=\"your-iban\" \/><\/span> <\/label>\n<\/p>\n<p><label> Correo electr\u00f3nico (obligatorio)<br \/>\n<span class=\"wpcf7-form-control-wrap\" data-name=\"your-email\"><input size=\"40\" maxlength=\"400\" class=\"wpcf7-form-control wpcf7-email wpcf7-validates-as-required wpcf7-text wpcf7-validates-as-email\" aria-required=\"true\" aria-invalid=\"false\" value=\"\" type=\"email\" name=\"your-email\" \/><\/span> <\/label>\n<\/p>\n<p><label> Seleccionar una opci\u00f3n (obligatorio)<br \/>\n<span class=\"wpcf7-form-control-wrap\" data-name=\"your-option\"><select class=\"wpcf7-form-control wpcf7-select wpcf7-validates-as-required\" aria-required=\"true\" aria-invalid=\"false\" name=\"your-option\"><option value=\"Pack jubilats i jubilades (Per a majors de 65 anys o jubilats)\">Pack jubilats i jubilades (Per a majors de 65 anys o jubilats)<\/option><option value=\"Pack Senior (Persones entre 18 i 64 anys)\">Pack Senior (Persones entre 18 i 64 anys)<\/option><option value=\"Pack familiar (2 adults m\u00e9s 2 fills menors de 18 anys)\">Pack familiar (2 adults m\u00e9s 2 fills menors de 18 anys)<\/option><option value=\"Preus individuals (Pagament \u00fanic al setembre)\">Preus individuals (Pagament \u00fanic al setembre)<\/option><\/select><\/span> <\/label>\n<\/p>\n<p><label> Mensaje<br \/>\n<span class=\"wpcf7-form-control-wrap\" data-name=\"your-message\"><textarea cols=\"40\" rows=\"10\" maxlength=\"2000\" class=\"wpcf7-form-control wpcf7-textarea\" aria-invalid=\"false\" name=\"your-message\"><\/textarea><\/span> <\/label>\n<\/p>\n<p><span class=\"wpcf7-form-control-wrap\" data-name=\"acceptance-155\"><span class=\"wpcf7-form-control wpcf7-acceptance optional\"><span class=\"wpcf7-list-item\"><label><input type=\"checkbox\" name=\"acceptance-155\" value=\"1\" aria-invalid=\"false\" \/><span class=\"wpcf7-list-item-label\">Acepto la <a href=\"https:\/\/fomentmolins.cat\/politica-de-privacidad\/\">Pol\u00edtica de Privacidad (Obligatorio)<\/a><\/span><\/label><\/span><\/span><\/span>\n<\/p>\n<p class=\"aiowps-captcha hide-when-displaying-tfa-input\"><label for=\"aiowps-captcha-answer-69f206d887446\">Por favor, introduce una respuesta en d\u00edgitos:<\/label>\n<\/p>\n<div class=\"aiowps-captcha-equation hide-when-displaying-tfa-input\">\n\t<p><strong>diecisiete &#43; ocho = <input type=\"hidden\" name=\"aiowps-captcha-string-info\" class=\"aiowps-captcha-string-info\" value=\"3ndoh1jasw\" \/><input type=\"hidden\" name=\"aiowps-captcha-temp-string\" class=\"aiowps-captcha-temp-string\" value=\"1777469144\" \/><input type=\"text\" size=\"2\" id=\"aiowps-captcha-answer-69f206d887446\" class=\"aiowps-captcha-answer\" name=\"aiowps-captcha-answer\" value=\"\" autocomplete=\"off\" \/><\/strong>\n\t<\/p>\n<\/div>\n<p><span class='wpcf7-form-control-wrap' data-name='aiowps-captcha'><\/span><input class=\"wpcf7-form-control wpcf7-submit has-spinner\" type=\"submit\" value=\"Enviar Formulario\" \/>\n<\/p><p style=\"display: none !important;\" class=\"akismet-fields-container\" data-prefix=\"_wpcf7_ak_\"><label>&#916;<textarea name=\"_wpcf7_ak_hp_textarea\" cols=\"45\" rows=\"8\" maxlength=\"100\"><\/textarea><\/label><input type=\"hidden\" id=\"ak_js_1\" name=\"_wpcf7_ak_js\" value=\"175\"\/><script>document.getElementById( \"ak_js_1\" ).setAttribute( \"value\", ( new Date() ).getTime() );<\/script><\/p><div class=\"wpcf7-response-output\" aria-hidden=\"true\"><\/div>\n<\/form>\n<\/div>\n[\/vc_column][vc_column width=\u00bb1\/6&#8243;][\/vc_column][\/vc_row]\n<\/div>","protected":false},"excerpt":{"rendered":"<p>[vc_row][vc_column][vc_empty_space height=\u00bb140px\u00bb][vc_column_text] Hazte socio [\/vc_column_text][\/vc_column][\/vc_row][vc_row][vc_column css=\u00bb.vc_custom_1688916968921{margin-top: -60px !important;}\u00bb][vc_row_inner][vc_column_inner css=\u00bb.vc_custom_1689458720673{padding-right: 20px !important;padding-left: -20px !important;}\u00bb][vc_column_text] El objetivo de ser de una entidad son sus socios y sus socias. Es necesaria y vital, por el futuro de la entidad, contar con la participaci\u00f3n activa de sus simpatizantes. Involucrarse en su d\u00eda a d\u00eda y participar en las actividades son algunos de los aspectos [&hellip;]<\/p>\n","protected":false},"author":1,"featured_media":0,"parent":0,"menu_order":0,"comment_status":"closed","ping_status":"closed","template":"","meta":{"inline_featured_image":false,"footnotes":""},"class_list":["post-659","page","type-page","status-publish","hentry"],"yoast_head":"<!-- This site is optimized with the Yoast SEO plugin v27.2 - https:\/\/yoast.com\/product\/yoast-seo-wordpress\/ -->\n<title>Hazte socio - Foment Molins Cultural<\/title>\n<meta name=\"robots\" content=\"index, follow, max-snippet:-1, max-image-preview:large, max-video-preview:-1\" \/>\n<link rel=\"canonical\" href=\"https:\/\/fomentmolins.cat\/es\/hazte-socio\/\" \/>\n<meta property=\"og:locale\" content=\"es_ES\" \/>\n<meta property=\"og:type\" content=\"article\" \/>\n<meta property=\"og:title\" content=\"Hazte socio - Foment Molins Cultural\" \/>\n<meta property=\"og:description\" content=\"[vc_row][vc_column][vc_empty_space height=\u00bb140px\u00bb][vc_column_text] Hazte socio [\/vc_column_text][\/vc_column][\/vc_row][vc_row][vc_column css=\u00bb.vc_custom_1688916968921{margin-top: -60px !important;}\u00bb][vc_row_inner][vc_column_inner css=\u00bb.vc_custom_1689458720673{padding-right: 20px !important;padding-left: -20px !important;}\u00bb][vc_column_text] El objetivo de ser de una entidad son sus socios y sus socias. Es necesaria y vital, por el futuro de la entidad, contar con la participaci\u00f3n activa de sus simpatizantes. Involucrarse en su d\u00eda a d\u00eda y participar en las actividades son algunos de los aspectos [&hellip;]\" \/>\n<meta property=\"og:url\" content=\"https:\/\/fomentmolins.cat\/es\/hazte-socio\/\" \/>\n<meta property=\"og:site_name\" content=\"Foment Molins Cultural\" \/>\n<meta property=\"article:modified_time\" content=\"2023-07-21T18:53:05+00:00\" \/>\n<meta name=\"twitter:card\" content=\"summary_large_image\" \/>\n<meta name=\"twitter:label1\" content=\"Tiempo de lectura\" \/>\n\t<meta name=\"twitter:data1\" content=\"2 minutos\" \/>\n<script type=\"application\/ld+json\" class=\"yoast-schema-graph\">{\"@context\":\"https:\/\/schema.org\",\"@graph\":[{\"@type\":\"WebPage\",\"@id\":\"https:\/\/fomentmolins.cat\/es\/hazte-socio\/\",\"url\":\"https:\/\/fomentmolins.cat\/es\/hazte-socio\/\",\"name\":\"Hazte socio - Foment Molins Cultural\",\"isPartOf\":{\"@id\":\"https:\/\/fomentmolins.cat\/es\/#website\"},\"datePublished\":\"2023-07-09T12:41:32+00:00\",\"dateModified\":\"2023-07-21T18:53:05+00:00\",\"breadcrumb\":{\"@id\":\"https:\/\/fomentmolins.cat\/es\/hazte-socio\/#breadcrumb\"},\"inLanguage\":\"es\",\"potentialAction\":[{\"@type\":\"ReadAction\",\"target\":[\"https:\/\/fomentmolins.cat\/es\/hazte-socio\/\"]}]},{\"@type\":\"BreadcrumbList\",\"@id\":\"https:\/\/fomentmolins.cat\/es\/hazte-socio\/#breadcrumb\",\"itemListElement\":[{\"@type\":\"ListItem\",\"position\":1,\"name\":\"Portada\",\"item\":\"https:\/\/fomentmolins.cat\/es\/\"},{\"@type\":\"ListItem\",\"position\":2,\"name\":\"Hazte socio\"}]},{\"@type\":\"WebSite\",\"@id\":\"https:\/\/fomentmolins.cat\/es\/#website\",\"url\":\"https:\/\/fomentmolins.cat\/es\/\",\"name\":\"Foment Molins Cultural\",\"description\":\"\",\"potentialAction\":[{\"@type\":\"SearchAction\",\"target\":{\"@type\":\"EntryPoint\",\"urlTemplate\":\"https:\/\/fomentmolins.cat\/es\/?s={search_term_string}\"},\"query-input\":{\"@type\":\"PropertyValueSpecification\",\"valueRequired\":true,\"valueName\":\"search_term_string\"}}],\"inLanguage\":\"es\"}]}<\/script>\n<!-- \/ Yoast SEO plugin. -->","yoast_head_json":{"title":"Hazte socio - Foment Molins Cultural","robots":{"index":"index","follow":"follow","max-snippet":"max-snippet:-1","max-image-preview":"max-image-preview:large","max-video-preview":"max-video-preview:-1"},"canonical":"https:\/\/fomentmolins.cat\/es\/hazte-socio\/","og_locale":"es_ES","og_type":"article","og_title":"Hazte socio - Foment Molins Cultural","og_description":"[vc_row][vc_column][vc_empty_space height=\u00bb140px\u00bb][vc_column_text] Hazte socio [\/vc_column_text][\/vc_column][\/vc_row][vc_row][vc_column css=\u00bb.vc_custom_1688916968921{margin-top: -60px !important;}\u00bb][vc_row_inner][vc_column_inner css=\u00bb.vc_custom_1689458720673{padding-right: 20px !important;padding-left: -20px !important;}\u00bb][vc_column_text] El objetivo de ser de una entidad son sus socios y sus socias. Es necesaria y vital, por el futuro de la entidad, contar con la participaci\u00f3n activa de sus simpatizantes. Involucrarse en su d\u00eda a d\u00eda y participar en las actividades son algunos de los aspectos [&hellip;]","og_url":"https:\/\/fomentmolins.cat\/es\/hazte-socio\/","og_site_name":"Foment Molins Cultural","article_modified_time":"2023-07-21T18:53:05+00:00","twitter_card":"summary_large_image","twitter_misc":{"Tiempo de lectura":"2 minutos"},"schema":{"@context":"https:\/\/schema.org","@graph":[{"@type":"WebPage","@id":"https:\/\/fomentmolins.cat\/es\/hazte-socio\/","url":"https:\/\/fomentmolins.cat\/es\/hazte-socio\/","name":"Hazte socio - Foment Molins Cultural","isPartOf":{"@id":"https:\/\/fomentmolins.cat\/es\/#website"},"datePublished":"2023-07-09T12:41:32+00:00","dateModified":"2023-07-21T18:53:05+00:00","breadcrumb":{"@id":"https:\/\/fomentmolins.cat\/es\/hazte-socio\/#breadcrumb"},"inLanguage":"es","potentialAction":[{"@type":"ReadAction","target":["https:\/\/fomentmolins.cat\/es\/hazte-socio\/"]}]},{"@type":"BreadcrumbList","@id":"https:\/\/fomentmolins.cat\/es\/hazte-socio\/#breadcrumb","itemListElement":[{"@type":"ListItem","position":1,"name":"Portada","item":"https:\/\/fomentmolins.cat\/es\/"},{"@type":"ListItem","position":2,"name":"Hazte socio"}]},{"@type":"WebSite","@id":"https:\/\/fomentmolins.cat\/es\/#website","url":"https:\/\/fomentmolins.cat\/es\/","name":"Foment Molins Cultural","description":"","potentialAction":[{"@type":"SearchAction","target":{"@type":"EntryPoint","urlTemplate":"https:\/\/fomentmolins.cat\/es\/?s={search_term_string}"},"query-input":{"@type":"PropertyValueSpecification","valueRequired":true,"valueName":"search_term_string"}}],"inLanguage":"es"}]}},"_links":{"self":[{"href":"https:\/\/fomentmolins.cat\/es\/wp-json\/wp\/v2\/pages\/659","targetHints":{"allow":["GET"]}}],"collection":[{"href":"https:\/\/fomentmolins.cat\/es\/wp-json\/wp\/v2\/pages"}],"about":[{"href":"https:\/\/fomentmolins.cat\/es\/wp-json\/wp\/v2\/types\/page"}],"author":[{"embeddable":true,"href":"https:\/\/fomentmolins.cat\/es\/wp-json\/wp\/v2\/users\/1"}],"replies":[{"embeddable":true,"href":"https:\/\/fomentmolins.cat\/es\/wp-json\/wp\/v2\/comments?post=659"}],"version-history":[{"count":65,"href":"https:\/\/fomentmolins.cat\/es\/wp-json\/wp\/v2\/pages\/659\/revisions"}],"predecessor-version":[{"id":1407,"href":"https:\/\/fomentmolins.cat\/es\/wp-json\/wp\/v2\/pages\/659\/revisions\/1407"}],"wp:attachment":[{"href":"https:\/\/fomentmolins.cat\/es\/wp-json\/wp\/v2\/media?parent=659"}],"curies":[{"name":"wp","href":"https:\/\/api.w.org\/{rel}","templated":true}]}}