{"id":662,"date":"2023-07-09T16:16:50","date_gmt":"2023-07-09T14:16:50","guid":{"rendered":"https:\/\/fomentmolins.cat\/wordpress\/?page_id=662"},"modified":"2023-07-09T18:45:48","modified_gmt":"2023-07-09T16:45:48","slug":"politica-de-cookies","status":"publish","type":"page","link":"https:\/\/fomentmolins.cat\/es\/politica-de-cookies\/","title":{"rendered":"Pol\u00edtica de Cookies"},"content":{"rendered":"\n<p><strong>\u00bfQU\u00c9 SON LAS COOKIES?<\/strong><\/p>\n\n\n\n<p>Una cookie es un peque\u00f1o archivo de texto que se almacena en super navegador Cuando visita algunas p\u00e1ginas web. Su funci\u00f3n es recuperar informaci\u00f3n sobre los visitantes. Las cookies Suelen almacenar informaci\u00f3n de car\u00e1cter t\u00e9cnico, preferencias personales, personalizaci\u00f3n de contenidos, estad\u00edsticas de uso, enlaces a redes sociales, acceso a cuentas de usuario, etc. El Objetivo de la cookie se adapte al contenido de la web en superperfil y Necesidades. Sin cookies los servicios ofrecidos por cualquier p\u00e1gina se ver\u00edan mermados notablemente.<\/p>\n\n\n\n<p><strong>\u00bfTIPO DE COOKIES?<\/strong><\/p>\n\n\n\n<p>1) Seg\u00fan la Entidad que las gestione<br>Seg\u00fan quien sea la Entidad que gestione el equipo o dominio desde donde se Env\u00edanos las cookies y trae los datos que se obtengan, Podemos distinguir:<\/p>\n\n\n\n<p>a) Cookies propias: Son aquellas que se Env\u00edanos el equipo terminal del usuario desde un equipo o dominio gestionado por el mismo editor y desde el que se presta el Servicio concesi\u00f3n Data concedi\u00f3 por el usuario.<\/p>\n\n\n\n<p>b) Cookies de terceros: son aquellas que se Env\u00edanos el equipo terminal del usuario desde un equipo o dominio que no es gestionado por el editor, sino otra Entidad que trata los datos obtenidos a trav\u00e9s de las cookies.<\/p>\n\n\n\n<p>En caso de que las cookies sean servidas desde un equipo o dominio gestionado por el mismo editor, pero la informaci\u00f3n que se recojan mediante estar\u00eda sea gestionada por un tercero, no puede ser consideradas como cookies propias si el tercero las utiliza para propias fines, por ejemplo, la mejor de los servicios que presta o la prestaci\u00f3n de servicios de car\u00e1cter publicitario a favor de otras entidades.<\/p>\n\n\n\n<p>2) Seg\u00fan su finalidad<br>Los datos obtenidos a trav\u00e9s de las cookies se pueden tratar para algunas de las siguientes finalidades:<\/p>\n\n\n\n<p>a) Cookies t\u00e9cnicas: son aquellas que permitan al usuario la navegaci\u00f3n a trav\u00e9s de una p\u00e1gina web, plataforma o aplicaci\u00f3n y la utilizaci\u00f3n de las diferentes opciones o servicios existentes, incluyendo aquellas que el editor utiliza para permitir &#8216;nos la gesti\u00f3n y la operativa de la p\u00e1gina web y habilitar sobre funciones y servicios, por ejemplo, controlar el tr\u00e1fico y la comunicaci\u00f3n de datos, identificar la sesi\u00f3n, acceder a zonas restringidas, recordar los elementos que integran un pedido, hacer el proceso de compra de un pedido, gestionar el pago, controlar el fraude vinculaci\u00f3n a la seguridad del Servicio, realizar la solicitud de inscripci\u00f3n o participaci\u00f3n en un evento, contar visitas a gama de proyectores la facturaci\u00f3n licencias del software con el que funciona el Servicio (sitio web, plataforma o aplicaci\u00f3n), utilizar Elementos de seguridad durante la navegaci\u00f3n, almacenar Contenidos para la difusi\u00f3n de v\u00eddeos o sonido, habilitar Contenidos din\u00e1micos o compartir Contenidos a trav\u00e9s de redes sociales. Tambi\u00e9n pertenec\u00eda a esta categor\u00eda, por suma naturaleza t\u00e9cnica, aquellas galletas que permita la gesti\u00f3n, de la forma m\u00e1s eficaz posible, de los Espacios publicitarios que, como un elemento m\u00e1s de dise\u00f1o o \u00abmaquetaci\u00f3n\u00bb del Servicio ofrecido al usuario, editor Hab\u00eda incluido en una p\u00e1gina web, aplicaci\u00f3n o plataforma bas\u00e1ndose en Criterios como el contenido editada, sin que se recopile informaci\u00f3n de los usuarios con fines diferentes, como Puede ser personalizar ese contenido publicitario u Otros Contenidos. Las cookies t\u00e9cnicas estar\u00e1n exceptuadas del cumplimiento de las obligaciones establecidas en el art\u00edculo 22.2 de la LSSI Cuando permitan prestar el Servicio de concesi\u00f3n Fecha concedi\u00f3 por el usuario, como ocurr\u00eda en el caso de las cookies enumeradas en los p\u00e1rrafos anteriores. Sin embargo, si estas cookies se utilizan tambi\u00e9n para fines no exentos quedar\u00e1n sujetas a estas obligaciones.<\/p>\n\n\n\n<p>b) Cookies de preferencias o personalizaci\u00f3n: son aquellas que permitan recordar informaci\u00f3n para que el usuario acceda al Servicio con determinadas caracter\u00edsticas que puedo diferenciar su experiencia de la de Otros usuarios, por ejemplo, el idioma, el n\u00famero de resultados a mostrar Cuando el usuario realiza una b\u00fasqueda, aspectos o contenido del Servicio en funciones del tipo de navegador a trav\u00e9s del cual el usuario accede al servicio o regi\u00f3n desde la que accede al servicio, etc. Si es el mismo usuario quien elige estas caracter\u00edsticas, por ejemplo, si selecciona el idioma de un sitio web clicando en el icono de la bandera del pa\u00eds correspondiente, las cookies estar\u00e1n exceptuadas de las obligaciones del art\u00edculo 22.2 de la LSSI por considerarse un servicio expresamente concesi\u00f3n Fecha concedi\u00f3 por el usuario, siempre y cuando las cookies obedezcan exclusivamente a la finalidad seleccionada.<\/p>\n\n\n\n<p>c) Cookies de an\u00e1lisis o medici\u00f3n: son aquellas que permita al responsable de \u00e9sta, el Seguimiento y el an\u00e1lisis del Comportamiento de los usuarios de los Sitios Web a los que est\u00e1n vinculadas, incluida la cuantificaci\u00f3n de los Impactos de los anuncios. La informaci\u00f3n recogida mediante este tipo de cookies se utiliza en la medici\u00f3n de la actividad de los Sitios Web, aplicaci\u00f3n o plataforma, con el fin de introducir Mejoras en funci\u00f3n del an\u00e1lisis de los datos de uso que realizan los usuarios del Servicio. Respecto al Tratamiento de datos recogidos a trav\u00e9s de las cookies de an\u00e1lisis, el GT29 manifiesto que, aunque no est\u00e1n exentas del deber de obtener un consentimiento informado para su uso, es poco probable que representen a un Merkel para la privacidad de los usuarios siempre que se trate de cookies de primera parte, que trate datos agregados con una finalidad estrictamente estad\u00edstica, que se facilite informaci\u00f3n sobre sobre usos y se incluya la POSIBILIDAD de que los usuarios manifiestan suma negativa sobre suma UTILIZACI\u00d3N.<\/p>\n\n\n\n<p>d) Cookies de publicidad comportamental: son aquellas que almacenan informaci\u00f3n del Comportamiento de los usuarios obtenida a trav\u00e9s de la Observaci\u00f3n continuada sobre H\u00e1bitos de navegaci\u00f3n, el cual permite desarrollar un perfil espec\u00edfico para mostrar publicidad en funciones del mismo.<\/p>\n\n\n\n<p>En cualquier caso, hay que tener en cuenta que estas tipolog\u00edas se ofrec\u00eda a t\u00edtulo orientativo puede ser las m\u00e1s habituales. Los editores y los Terceros podr\u00e1n realizar las categorizaciones que mejor se ajustan a las finalidades de las cookies que utilizan, de forma que se respete el principio de transparencia ante los usuarios.<\/p>\n\n\n\n<p>3) Seg\u00fan el Plazo de tiempo que permanecen activadas<br>Seg\u00fan el plazo de tiempo que permanecen activadas en el equipo terminal podemos distinguir:<\/p>\n\n\n\n<p>a) Cookies de sesi\u00f3n: son aquellas dise\u00f1adas para pedir y almacenar datos Mientras el usuario accede a una p\u00e1gina web. Se suelen emplear para almacenar informaci\u00f3n que s\u00f3lo interesa conservar para la prestaci\u00f3n del Servicio concesi\u00f3n Fecha concedi\u00f3 por el usuario en una sola OCASI\u00d3N, por Ejemplo, una lista de productos adquiridos, y que por tanto Desaparecer al finalizar la sesi\u00f3n.<\/p>\n\n\n\n<p>b) Cookies persistentes: son aquellas en las que los datos sean almacenados en el terminal y pueden ser accedidos y tratados durante un per\u00edodo definido por el responsable de la cookie, y que Reducir texto ir de unos minutos a varios a\u00f1os.<\/p>\n\n\n\n<p><strong>\u00bfQU\u00c9 COOKIES UTILIZAMOS?<\/strong><br>A continuaci\u00f3n, explicamos qu\u00e9 cookies se utilizan en nuestra web, as\u00ed como sobre caracter\u00edsticas:<\/p>\n\n\n\n<p><strong>Google Analytics<\/strong><br>_gat_gtag_UA_21476889_1 Google utiliza esta cookie para distinguir a los usuarios.<br>_gid Esta cookie es instalada por Google Analytics. La cookie se utiliza para almacenar informaci\u00f3n sobre c\u00f3mo los visitantes utilizan un sitio web y ayuda a crear un informe anal\u00edtico de c\u00f3mo funciona el sitio web. Los datos recopilados, incluidos el n\u00famero de visitantes, la fuente de donde provienen y las p\u00e1ginas, aparecieron de forma an\u00f3nima.<br>_ga Esta cookie est\u00e1 instalada por Google Analytics. La cookie se utiliza para calcular visitor, sesi\u00f3n, camapig data y keep track de sitio usado para la p\u00e1gina web de los analytics report.<br>GPS YouTube configura esta cookie y registra una identificaci\u00f3n \u00fanica para rastrear a los usuarios en funci\u00f3n de su ubicaci\u00f3n geogr\u00e1fica<br><strong>Publicidad<\/strong><br>IDE Utilizado por Google DoubleClick y almacena informaci\u00f3n sobre c\u00f3mo el usuario utiliza el sitio web y cualquier otro anuncio antes de visitar el sitio web. Esto se utiliza para presentar anuncios a los usuarios que les sean relevantes en funci\u00f3n del perfil del usuario.<br>VISITOR_INFO1_LIVE Esta cookie es establecida por Youtube. Se utiliza para rastrear la informaci\u00f3n de los v\u00eddeos incrustados de YouTube en un sitio web.<br><strong>Rendimiento<\/strong><br>YSC YouTube configura estas cookies y se utiliza para rastrear las vistas de v\u00eddeos incrustados.<br><strong>Funcionales<\/strong><br>Medio The cookie es septiembre by Instagram. La cookie es para distinguir a los usuarios y el show relevante contento, para m\u00e1s informaci\u00f3n y seguridad.<\/p>\n\n\n\n<p><strong>\u00bfC\u00d3MO CONFIGURAR LAS COOKIES?<\/strong><\/p>\n\n\n\n<p>Puede aceptar o rechazar el uso de cookies a trav\u00e9s del centro de configuraci\u00f3n de cookies. (Link)<br>Para poder acceder al centro de configuraci\u00f3n lo podr\u00e1 acero desde el mensaje de informaci\u00f3n b\u00e1sica o desde el link que aparece en este apartado de la pol\u00edtica. En este centro podr\u00e1 consentir y\/o retirar un anterior Consentimiento sobre el uso de las cookies.<br>Debe tener en cuenta que la revocaci\u00f3n de cookies de Terceros no comporta la eliminaci\u00f3n de las ya existentes. Esta acci\u00f3n la deber\u00e1 acero mediante la configuraci\u00f3n de super navegador.<\/p>\n\n\n\n<p><strong>Configuraci\u00f3n del navegador<\/strong><\/p>\n\n\n\n<p>Chrome<br>http:\/\/support.google.com\/chrome\/answer\/95647?hl=es<\/p>\n\n\n\n<p>Internet Explorer<br>https:\/\/support.microsoft.com\/es-es\/kb\/278835<\/p>\n\n\n\n<p>Firefox<br>https:\/\/www.mozilla.org\/es-ES\/privacy\/websites\/#cookies<\/p>\n\n\n\n<p>safari Versi\u00f3n<br>http:\/\/support.apple.com\/kb\/PH5042<\/p>\n\n\n\n<p>Opera<br>https:\/\/help.opera.com\/en\/latest\/web-preferences\/<\/p>\n\n\n\n<p>Otros navegadores<br>Consulte la documentaci\u00f3n del navegador que entiende instalada.<\/p>\n","protected":false},"excerpt":{"rendered":"<p>\u00bfQU\u00c9 SON LAS COOKIES? Una cookie es un peque\u00f1o archivo de texto que se almacena en super navegador Cuando visita algunas p\u00e1ginas web. Su funci\u00f3n es recuperar informaci\u00f3n sobre los visitantes. Las cookies Suelen almacenar informaci\u00f3n de car\u00e1cter t\u00e9cnico, preferencias personales, personalizaci\u00f3n de contenidos, estad\u00edsticas de uso, enlaces a redes sociales, acceso a cuentas de usuario, etc. El Objetivo de [&hellip;]<\/p>\n","protected":false},"author":1,"featured_media":0,"parent":0,"menu_order":0,"comment_status":"closed","ping_status":"closed","template":"","meta":{"inline_featured_image":false,"footnotes":""},"class_list":["post-662","page","type-page","status-publish","hentry"],"yoast_head":"<!-- This site is optimized with the Yoast SEO plugin v27.2 - https:\/\/yoast.com\/product\/yoast-seo-wordpress\/ -->\n<title>Pol\u00edtica de Cookies - Foment Molins Cultural<\/title>\n<meta name=\"robots\" content=\"index, follow, max-snippet:-1, max-image-preview:large, max-video-preview:-1\" \/>\n<link rel=\"canonical\" href=\"https:\/\/fomentmolins.cat\/es\/politica-de-cookies\/\" \/>\n<meta property=\"og:locale\" content=\"es_ES\" \/>\n<meta property=\"og:type\" content=\"article\" \/>\n<meta property=\"og:title\" content=\"Pol\u00edtica de Cookies - Foment Molins Cultural\" \/>\n<meta property=\"og:description\" content=\"\u00bfQU\u00c9 SON LAS COOKIES? Una cookie es un peque\u00f1o archivo de texto que se almacena en super navegador Cuando visita algunas p\u00e1ginas web. Su funci\u00f3n es recuperar informaci\u00f3n sobre los visitantes. Las cookies Suelen almacenar informaci\u00f3n de car\u00e1cter t\u00e9cnico, preferencias personales, personalizaci\u00f3n de contenidos, estad\u00edsticas de uso, enlaces a redes sociales, acceso a cuentas de usuario, etc. El Objetivo de [&hellip;]\" \/>\n<meta property=\"og:url\" content=\"https:\/\/fomentmolins.cat\/es\/politica-de-cookies\/\" \/>\n<meta property=\"og:site_name\" content=\"Foment Molins Cultural\" \/>\n<meta property=\"article:modified_time\" content=\"2023-07-09T16:45:48+00:00\" \/>\n<meta name=\"twitter:card\" content=\"summary_large_image\" \/>\n<meta name=\"twitter:label1\" content=\"Tiempo de lectura\" \/>\n\t<meta name=\"twitter:data1\" content=\"8 minutos\" \/>\n<script type=\"application\/ld+json\" class=\"yoast-schema-graph\">{\"@context\":\"https:\/\/schema.org\",\"@graph\":[{\"@type\":\"WebPage\",\"@id\":\"https:\/\/fomentmolins.cat\/es\/politica-de-cookies\/\",\"url\":\"https:\/\/fomentmolins.cat\/es\/politica-de-cookies\/\",\"name\":\"Pol\u00edtica de Cookies - Foment Molins Cultural\",\"isPartOf\":{\"@id\":\"https:\/\/fomentmolins.cat\/es\/#website\"},\"datePublished\":\"2023-07-09T14:16:50+00:00\",\"dateModified\":\"2023-07-09T16:45:48+00:00\",\"breadcrumb\":{\"@id\":\"https:\/\/fomentmolins.cat\/es\/politica-de-cookies\/#breadcrumb\"},\"inLanguage\":\"es\",\"potentialAction\":[{\"@type\":\"ReadAction\",\"target\":[\"https:\/\/fomentmolins.cat\/es\/politica-de-cookies\/\"]}]},{\"@type\":\"BreadcrumbList\",\"@id\":\"https:\/\/fomentmolins.cat\/es\/politica-de-cookies\/#breadcrumb\",\"itemListElement\":[{\"@type\":\"ListItem\",\"position\":1,\"name\":\"Portada\",\"item\":\"https:\/\/fomentmolins.cat\/es\/\"},{\"@type\":\"ListItem\",\"position\":2,\"name\":\"Pol\u00edtica de Cookies\"}]},{\"@type\":\"WebSite\",\"@id\":\"https:\/\/fomentmolins.cat\/es\/#website\",\"url\":\"https:\/\/fomentmolins.cat\/es\/\",\"name\":\"Foment Molins Cultural\",\"description\":\"\",\"potentialAction\":[{\"@type\":\"SearchAction\",\"target\":{\"@type\":\"EntryPoint\",\"urlTemplate\":\"https:\/\/fomentmolins.cat\/es\/?s={search_term_string}\"},\"query-input\":{\"@type\":\"PropertyValueSpecification\",\"valueRequired\":true,\"valueName\":\"search_term_string\"}}],\"inLanguage\":\"es\"}]}<\/script>\n<!-- \/ Yoast SEO plugin. -->","yoast_head_json":{"title":"Pol\u00edtica de Cookies - Foment Molins Cultural","robots":{"index":"index","follow":"follow","max-snippet":"max-snippet:-1","max-image-preview":"max-image-preview:large","max-video-preview":"max-video-preview:-1"},"canonical":"https:\/\/fomentmolins.cat\/es\/politica-de-cookies\/","og_locale":"es_ES","og_type":"article","og_title":"Pol\u00edtica de Cookies - Foment Molins Cultural","og_description":"\u00bfQU\u00c9 SON LAS COOKIES? Una cookie es un peque\u00f1o archivo de texto que se almacena en super navegador Cuando visita algunas p\u00e1ginas web. Su funci\u00f3n es recuperar informaci\u00f3n sobre los visitantes. Las cookies Suelen almacenar informaci\u00f3n de car\u00e1cter t\u00e9cnico, preferencias personales, personalizaci\u00f3n de contenidos, estad\u00edsticas de uso, enlaces a redes sociales, acceso a cuentas de usuario, etc. El Objetivo de [&hellip;]","og_url":"https:\/\/fomentmolins.cat\/es\/politica-de-cookies\/","og_site_name":"Foment Molins Cultural","article_modified_time":"2023-07-09T16:45:48+00:00","twitter_card":"summary_large_image","twitter_misc":{"Tiempo de lectura":"8 minutos"},"schema":{"@context":"https:\/\/schema.org","@graph":[{"@type":"WebPage","@id":"https:\/\/fomentmolins.cat\/es\/politica-de-cookies\/","url":"https:\/\/fomentmolins.cat\/es\/politica-de-cookies\/","name":"Pol\u00edtica de Cookies - Foment Molins Cultural","isPartOf":{"@id":"https:\/\/fomentmolins.cat\/es\/#website"},"datePublished":"2023-07-09T14:16:50+00:00","dateModified":"2023-07-09T16:45:48+00:00","breadcrumb":{"@id":"https:\/\/fomentmolins.cat\/es\/politica-de-cookies\/#breadcrumb"},"inLanguage":"es","potentialAction":[{"@type":"ReadAction","target":["https:\/\/fomentmolins.cat\/es\/politica-de-cookies\/"]}]},{"@type":"BreadcrumbList","@id":"https:\/\/fomentmolins.cat\/es\/politica-de-cookies\/#breadcrumb","itemListElement":[{"@type":"ListItem","position":1,"name":"Portada","item":"https:\/\/fomentmolins.cat\/es\/"},{"@type":"ListItem","position":2,"name":"Pol\u00edtica de Cookies"}]},{"@type":"WebSite","@id":"https:\/\/fomentmolins.cat\/es\/#website","url":"https:\/\/fomentmolins.cat\/es\/","name":"Foment Molins Cultural","description":"","potentialAction":[{"@type":"SearchAction","target":{"@type":"EntryPoint","urlTemplate":"https:\/\/fomentmolins.cat\/es\/?s={search_term_string}"},"query-input":{"@type":"PropertyValueSpecification","valueRequired":true,"valueName":"search_term_string"}}],"inLanguage":"es"}]}},"_links":{"self":[{"href":"https:\/\/fomentmolins.cat\/es\/wp-json\/wp\/v2\/pages\/662","targetHints":{"allow":["GET"]}}],"collection":[{"href":"https:\/\/fomentmolins.cat\/es\/wp-json\/wp\/v2\/pages"}],"about":[{"href":"https:\/\/fomentmolins.cat\/es\/wp-json\/wp\/v2\/types\/page"}],"author":[{"embeddable":true,"href":"https:\/\/fomentmolins.cat\/es\/wp-json\/wp\/v2\/users\/1"}],"replies":[{"embeddable":true,"href":"https:\/\/fomentmolins.cat\/es\/wp-json\/wp\/v2\/comments?post=662"}],"version-history":[{"count":2,"href":"https:\/\/fomentmolins.cat\/es\/wp-json\/wp\/v2\/pages\/662\/revisions"}],"predecessor-version":[{"id":717,"href":"https:\/\/fomentmolins.cat\/es\/wp-json\/wp\/v2\/pages\/662\/revisions\/717"}],"wp:attachment":[{"href":"https:\/\/fomentmolins.cat\/es\/wp-json\/wp\/v2\/media?parent=662"}],"curies":[{"name":"wp","href":"https:\/\/api.w.org\/{rel}","templated":true}]}}